{"id":40,"date":"2015-06-17T18:45:43","date_gmt":"2015-06-17T18:45:43","guid":{"rendered":"http:\/\/cawi-beyondic.de\/?page_id=40"},"modified":"2022-11-18T07:35:29","modified_gmt":"2022-11-18T07:35:29","slug":"impressum","status":"publish","type":"page","link":"https:\/\/cawi-beyondic.de\/?page_id=40","title":{"rendered":"Impressum"},"content":{"rendered":"<p>CAWi beyond(ic)<br \/>\nFirmeninhaber: Walter Callsen<\/p>\n<p>Sch\u00f6llerstra\u00dfe 6a<\/p>\n<p>D-83734 Hausham<\/p>\n<p>(m)+49 (0) 151 270 39 399<\/p>\n<p><a href=\"https:\/\/cawi-beyondic.de\/?page_id=22\">office(at)cawi-beyondic.de<\/a><\/p>\n<p><strong>Umsatzsteuer-ID:\u00a0<\/strong><br \/>\nUmsatzsteuer-Identifikationsnummer nach \u00a727a Umsatzsteuergesetz:<br \/>\nDE-<\/p>\n<h1><\/h1>\n<h1>DISCLAIMER<\/h1>\n<p>Haftung f\u00fcr Inhalte<\/p>\n<p>Die Inhalte dieser Website wurden mit gr\u00f6\u00dfter Sorgfalt erstellt. F\u00fcr die Richtigkeit, Vollst\u00e4ndigkeit und Aktualit\u00e4t der Inhalte wird jedoch keine Gew\u00e4hr \u00fcbernommen. Als Diensteanbieter ist Cawi-Beyond(ic)\u00a0gem\u00e4\u00df \u00a7 7 Abs.1 TMG f\u00fcr eigene Inhalte auf diesen Seiten nach den allgemeinen Gesetzen verantwortlich. Nach \u00a7\u00a7 8 bis 10 TMG ist Cawi-Beyond(ic)\u00a0als Diensteanbieter jedoch nicht verpflichtet, \u00fcbermittelte oder gespeicherte fremde Informationen zu \u00fcberwachen oder nach Umst\u00e4nden zu forschen, die auf eine rechtswidrige T\u00e4tigkeit hinweisen. Verpflichtungen zur Entfernung oder Sperrung der Nutzung von Informationen nach den allgemeinen Gesetzen bleiben hiervon unber\u00fchrt. Eine diesbez\u00fcgliche Haftung ist jedoch erst ab dem Zeitpunkt der Kenntnis einer konkreten Rechtsverletzung m\u00f6glich. Bei Bekanntwerden von entsprechenden Rechtsverletzungen wird Cawi-Beyond(ic) diese Inhalte umgehend entfernen.<\/p>\n<p>Haftung f\u00fcr Links<\/p>\n<p>Das Angebot dieser Website enth\u00e4lt Links zu externen Webseiten Dritter, auf deren Inhalte Cawi-Beyond(ic) keinen Einfluss hat. Deshalb kann Cawi-Beyond(ic) f\u00fcr diese fremden Inhalte auch keine Gew\u00e4hr \u00fcbernehmen. F\u00fcr die Inhalte der verlinkten Seiten ist stets der jeweilige Anbieter oder Betreiber der Seiten verantwortlich. Die verlinkten Seiten wurden zum Zeitpunkt der Verlinkung auf m\u00f6gliche Rechtsverst\u00f6\u00dfe \u00fcberpr\u00fcft. Rechtswidrige Inhalte waren zum Zeitpunkt der Verlinkung nicht erkennbar. Eine permanente inhaltliche Kontrolle der verlinkten Seiten ist jedoch ohne konkrete Anhaltspunkte einer Rechtsverletzung nicht zumutbar. Bei Bekanntwerden von Rechtsverletzungen wird Cawi-Beyond(ic) derartige Links umgehend entfernen.<\/p>\n","protected":false},"excerpt":{"rendered":"<p>CAWi beyond(ic) Firmeninhaber: Walter Callsen Sch\u00f6llerstra\u00dfe 6a D-83734 Hausham (m)+49 (0) 151 270 39 399 office(at)cawi-beyondic.de Umsatzsteuer-ID:\u00a0 Umsatzsteuer-Identifikationsnummer nach \u00a727a Umsatzsteuergesetz: DE- DISCLAIMER Haftung f\u00fcr Inhalte Die Inhalte dieser Website wurden mit gr\u00f6\u00dfter Sorgfalt erstellt. F\u00fcr die Richtigkeit, Vollst\u00e4ndigkeit und Aktualit\u00e4t der Inhalte wird jedoch keine Gew\u00e4hr \u00fcbernommen. Als Diensteanbieter ist Cawi-Beyond(ic)\u00a0gem\u00e4\u00df \u00a7 7 Abs.1 [&hellip;]<\/p>\n","protected":false},"author":1,"featured_media":0,"parent":5,"menu_order":0,"comment_status":"closed","ping_status":"closed","template":"home-panels.php","meta":[],"_links":{"self":[{"href":"https:\/\/cawi-beyondic.de\/index.php?rest_route=\/wp\/v2\/pages\/40"}],"collection":[{"href":"https:\/\/cawi-beyondic.de\/index.php?rest_route=\/wp\/v2\/pages"}],"about":[{"href":"https:\/\/cawi-beyondic.de\/index.php?rest_route=\/wp\/v2\/types\/page"}],"author":[{"embeddable":true,"href":"https:\/\/cawi-beyondic.de\/index.php?rest_route=\/wp\/v2\/users\/1"}],"replies":[{"embeddable":true,"href":"https:\/\/cawi-beyondic.de\/index.php?rest_route=%2Fwp%2Fv2%2Fcomments&post=40"}],"version-history":[{"count":4,"href":"https:\/\/cawi-beyondic.de\/index.php?rest_route=\/wp\/v2\/pages\/40\/revisions"}],"predecessor-version":[{"id":187,"href":"https:\/\/cawi-beyondic.de\/index.php?rest_route=\/wp\/v2\/pages\/40\/revisions\/187"}],"up":[{"embeddable":true,"href":"https:\/\/cawi-beyondic.de\/index.php?rest_route=\/wp\/v2\/pages\/5"}],"wp:attachment":[{"href":"https:\/\/cawi-beyondic.de\/index.php?rest_route=%2Fwp%2Fv2%2Fmedia&parent=40"}],"curies":[{"name":"wp","href":"https:\/\/api.w.org\/{rel}","templated":true}]}}